{"id":1007,"date":"2022-06-06T20:21:33","date_gmt":"2022-06-06T20:21:33","guid":{"rendered":"https:\/\/halsteadcentreville.com\/mapa-del-sitio\/"},"modified":"2024-11-13T18:17:17","modified_gmt":"2024-11-13T18:17:17","slug":"sitemap","status":"publish","type":"page","link":"https:\/\/halsteadcentreville.com\/es\/sitemap\/","title":{"rendered":"Mapa del sitio"},"content":{"rendered":"<p><a href=\"https:\/\/halsteadcentreville.com\/es\/floorplans\/\">Planos<\/a><\/p>\n<p><a href=\"https:\/\/halsteadcentreville.com\/es\/amenities-2\/\">Servicios y caracter\u00edsticas<\/a><\/p>\n<p><a href=\"https:\/\/halsteadcentreville.com\/es\/gallery\/\">Galer\u00eda<\/a><\/p>\n<p><a href=\"https:\/\/halsteadcentreville.com\/es\/location\/\">Ubicaci\u00f3n<\/a><\/p>\n<p><a href=\"https:\/\/schedule.tours\/bozzuto-group\/halstead-centreville\/schedule?src=w.pws\" target=\"_blank\" rel=\"noopener\">Programa una visita<\/a><\/p>\n","protected":false},"excerpt":{"rendered":"<p>Planos Servicios y caracter\u00edsticas Galer\u00eda Ubicaci\u00f3n Programa una visita<\/p>\n","protected":false},"author":1,"featured_media":0,"parent":0,"menu_order":92,"comment_status":"closed","ping_status":"closed","template":"template\/template-sitemap.php","meta":{"footnotes":""},"class_list":["post-1007","page","type-page","status-publish","hentry","entry"],"yoast_head":"<!-- This site is optimized with the Yoast SEO plugin v27.2 - https:\/\/yoast.com\/product\/yoast-seo-wordpress\/ -->\n<title>Explora los Apartamentos Halstead Centreville | Centreville, VA<\/title>\n<meta name=\"description\" content=\"Explora los modernos apartamentos de Halstead Centreville en Centreville, VA. Con visitas virtuales y caracter\u00edsticas asombrosas, reserva hoy mismo.\" \/>\n<meta name=\"robots\" content=\"index, follow, max-snippet:-1, max-image-preview:large, max-video-preview:-1\" \/>\n<link rel=\"canonical\" href=\"https:\/\/halsteadcentreville.com\/es\/sitemap\/\" \/>\n<meta property=\"og:locale\" content=\"es_ES\" \/>\n<meta property=\"og:type\" content=\"article\" \/>\n<meta property=\"og:title\" content=\"Explora los Apartamentos Halstead Centreville | Centreville, VA\" \/>\n<meta property=\"og:description\" content=\"Explora los modernos apartamentos de Halstead Centreville en Centreville, VA. Con visitas virtuales y caracter\u00edsticas asombrosas, reserva hoy mismo.\" \/>\n<meta property=\"og:url\" content=\"https:\/\/halsteadcentreville.com\/es\/sitemap\/\" \/>\n<meta property=\"og:site_name\" content=\"Halstead Centreville\" \/>\n<meta property=\"article:modified_time\" content=\"2024-11-13T18:17:17+00:00\" \/>\n<meta property=\"og:image\" content=\"https:\/\/halsteadcentreville.com\/wp-content\/uploads\/2024\/10\/HalsteadCentreville_socialpreview.jpg\" \/>\n\t<meta property=\"og:image:width\" content=\"1200\" \/>\n\t<meta property=\"og:image:height\" content=\"630\" \/>\n\t<meta property=\"og:image:type\" content=\"image\/jpeg\" \/>\n<meta name=\"twitter:card\" content=\"summary_large_image\" \/>\n<meta name=\"twitter:label1\" content=\"Tiempo de lectura\" \/>\n\t<meta name=\"twitter:data1\" content=\"1 minuto\" \/>\n<script type=\"application\/ld+json\" class=\"yoast-schema-graph\">{\"@context\":\"https:\/\/schema.org\",\"@graph\":[{\"@type\":\"WebPage\",\"@id\":\"https:\/\/halsteadcentreville.com\/es\/sitemap\/\",\"url\":\"https:\/\/halsteadcentreville.com\/es\/sitemap\/\",\"name\":\"Explora los Apartamentos Halstead Centreville | Centreville, VA\",\"isPartOf\":{\"@id\":\"https:\/\/halsteadcentreville.com\/es\/#website\"},\"datePublished\":\"2022-06-06T20:21:33+00:00\",\"dateModified\":\"2024-11-13T18:17:17+00:00\",\"description\":\"Explora los modernos apartamentos de Halstead Centreville en Centreville, VA. Con visitas virtuales y caracter\u00edsticas asombrosas, reserva hoy mismo.\",\"inLanguage\":\"es\",\"potentialAction\":[{\"@type\":\"ReadAction\",\"target\":[\"https:\/\/halsteadcentreville.com\/es\/sitemap\/\"]}]},{\"@type\":\"WebSite\",\"@id\":\"https:\/\/halsteadcentreville.com\/es\/#website\",\"url\":\"https:\/\/halsteadcentreville.com\/es\/\",\"name\":\"Halstead Centreville\",\"description\":\"\",\"potentialAction\":[{\"@type\":\"SearchAction\",\"target\":{\"@type\":\"EntryPoint\",\"urlTemplate\":\"https:\/\/halsteadcentreville.com\/es\/?s={search_term_string}\"},\"query-input\":{\"@type\":\"PropertyValueSpecification\",\"valueRequired\":true,\"valueName\":\"search_term_string\"}}],\"inLanguage\":\"es\"}]}<\/script>\n<!-- \/ Yoast SEO plugin. -->","yoast_head_json":{"title":"Explora los Apartamentos Halstead Centreville | Centreville, VA","description":"Explora los modernos apartamentos de Halstead Centreville en Centreville, VA. Con visitas virtuales y caracter\u00edsticas asombrosas, reserva hoy mismo.","robots":{"index":"index","follow":"follow","max-snippet":"max-snippet:-1","max-image-preview":"max-image-preview:large","max-video-preview":"max-video-preview:-1"},"canonical":"https:\/\/halsteadcentreville.com\/es\/sitemap\/","og_locale":"es_ES","og_type":"article","og_title":"Explora los Apartamentos Halstead Centreville | Centreville, VA","og_description":"Explora los modernos apartamentos de Halstead Centreville en Centreville, VA. Con visitas virtuales y caracter\u00edsticas asombrosas, reserva hoy mismo.","og_url":"https:\/\/halsteadcentreville.com\/es\/sitemap\/","og_site_name":"Halstead Centreville","article_modified_time":"2024-11-13T18:17:17+00:00","og_image":[{"width":1200,"height":630,"url":"https:\/\/halsteadcentreville.com\/wp-content\/uploads\/2024\/10\/HalsteadCentreville_socialpreview.jpg","type":"image\/jpeg"}],"twitter_card":"summary_large_image","twitter_misc":{"Tiempo de lectura":"1 minuto"},"schema":{"@context":"https:\/\/schema.org","@graph":[{"@type":"WebPage","@id":"https:\/\/halsteadcentreville.com\/es\/sitemap\/","url":"https:\/\/halsteadcentreville.com\/es\/sitemap\/","name":"Explora los Apartamentos Halstead Centreville | Centreville, VA","isPartOf":{"@id":"https:\/\/halsteadcentreville.com\/es\/#website"},"datePublished":"2022-06-06T20:21:33+00:00","dateModified":"2024-11-13T18:17:17+00:00","description":"Explora los modernos apartamentos de Halstead Centreville en Centreville, VA. Con visitas virtuales y caracter\u00edsticas asombrosas, reserva hoy mismo.","inLanguage":"es","potentialAction":[{"@type":"ReadAction","target":["https:\/\/halsteadcentreville.com\/es\/sitemap\/"]}]},{"@type":"WebSite","@id":"https:\/\/halsteadcentreville.com\/es\/#website","url":"https:\/\/halsteadcentreville.com\/es\/","name":"Halstead Centreville","description":"","potentialAction":[{"@type":"SearchAction","target":{"@type":"EntryPoint","urlTemplate":"https:\/\/halsteadcentreville.com\/es\/?s={search_term_string}"},"query-input":{"@type":"PropertyValueSpecification","valueRequired":true,"valueName":"search_term_string"}}],"inLanguage":"es"}]}},"meta_box":{"neoscape_mb_neo_pages_hero_title":["T\u00edtulo del h\u00e9roe del sitio web"],"neoscape_mb_neo_pages_hero_excerpt":"Extracto del h\u00e9roe del sitio web","neoscape_mb_neo_pages_hero_movie":"","neoscape_mb_neo_pages_hero_film":[],"neoscape_mb_neo_pages_hero_images":[],"neoscape_mb_neo_pages_hero_mobilebg_pos":"","neoscape_mb_neo_pages_hero_layout":"","neoscape_mb_neo_pages_hero_link":"Etiqueta del enlace principal del sitio web","neoscape_mb_neo_pages_hero_url":"Website hero link URL","neoscape_mb_neo_pages_hero_url_target":"","neoscape_mb_affordable-housing-image":[],"neoscape_mb_affordable-housing-content":""},"_links":{"self":[{"href":"https:\/\/halsteadcentreville.com\/es\/wp-json\/wp\/v2\/pages\/1007","targetHints":{"allow":["GET"]}}],"collection":[{"href":"https:\/\/halsteadcentreville.com\/es\/wp-json\/wp\/v2\/pages"}],"about":[{"href":"https:\/\/halsteadcentreville.com\/es\/wp-json\/wp\/v2\/types\/page"}],"author":[{"embeddable":true,"href":"https:\/\/halsteadcentreville.com\/es\/wp-json\/wp\/v2\/users\/1"}],"replies":[{"embeddable":true,"href":"https:\/\/halsteadcentreville.com\/es\/wp-json\/wp\/v2\/comments?post=1007"}],"version-history":[{"count":5,"href":"https:\/\/halsteadcentreville.com\/es\/wp-json\/wp\/v2\/pages\/1007\/revisions"}],"predecessor-version":[{"id":1201,"href":"https:\/\/halsteadcentreville.com\/es\/wp-json\/wp\/v2\/pages\/1007\/revisions\/1201"}],"wp:attachment":[{"href":"https:\/\/halsteadcentreville.com\/es\/wp-json\/wp\/v2\/media?parent=1007"}],"curies":[{"name":"wp","href":"https:\/\/api.w.org\/{rel}","templated":true}]}}