{"id":1014,"date":"2021-06-20T19:19:40","date_gmt":"2021-06-20T19:19:40","guid":{"rendered":"https:\/\/halsteadcentreville.com\/visitas-virtuales\/"},"modified":"2024-10-21T21:29:35","modified_gmt":"2024-10-21T21:29:35","slug":"virtual-tours","status":"publish","type":"page","link":"https:\/\/halsteadcentreville.com\/es\/virtual-tours\/","title":{"rendered":"Visitas virtuales"},"content":{"rendered":"","protected":false},"excerpt":{"rendered":"","protected":false},"author":1,"featured_media":0,"parent":0,"menu_order":40,"comment_status":"closed","ping_status":"closed","template":"template\/template-tours.php","meta":{"footnotes":""},"class_list":["post-1014","page","type-page","status-publish","hentry","entry"],"yoast_head":"<!-- This site is optimized with the Yoast SEO plugin v27.2 - https:\/\/yoast.com\/product\/yoast-seo-wordpress\/ -->\n<title>Halstead Centreville, VA | Visitas virtuales interactivas a apartamentos<\/title>\n<meta name=\"description\" content=\"Haz una visita virtual a los apartamentos de Halstead Centreville, VA. Explora los modernos planos y servicios desde la comodidad de tu casa\" \/>\n<meta name=\"robots\" content=\"index, follow, max-snippet:-1, max-image-preview:large, max-video-preview:-1\" \/>\n<link rel=\"canonical\" href=\"https:\/\/halsteadcentreville.com\/es\/virtual-tours\/\" \/>\n<meta property=\"og:locale\" content=\"es_ES\" \/>\n<meta property=\"og:type\" content=\"article\" \/>\n<meta property=\"og:title\" content=\"Halstead Centreville, VA | Visitas virtuales interactivas a apartamentos\" \/>\n<meta property=\"og:description\" content=\"Haz una visita virtual a los apartamentos de Halstead Centreville, VA. Explora los modernos planos y servicios desde la comodidad de tu casa\" \/>\n<meta property=\"og:url\" content=\"https:\/\/halsteadcentreville.com\/es\/virtual-tours\/\" \/>\n<meta property=\"og:site_name\" content=\"Halstead Centreville\" \/>\n<meta property=\"article:modified_time\" content=\"2024-10-21T21:29:35+00:00\" \/>\n<meta property=\"og:image\" content=\"https:\/\/halsteadcentreville.com\/wp-content\/uploads\/2024\/10\/HalsteadCentreville_socialpreview.jpg\" \/>\n\t<meta property=\"og:image:width\" content=\"1200\" \/>\n\t<meta property=\"og:image:height\" content=\"630\" \/>\n\t<meta property=\"og:image:type\" content=\"image\/jpeg\" \/>\n<meta name=\"twitter:card\" content=\"summary_large_image\" \/>\n<script type=\"application\/ld+json\" class=\"yoast-schema-graph\">{\"@context\":\"https:\/\/schema.org\",\"@graph\":[{\"@type\":\"WebPage\",\"@id\":\"https:\/\/halsteadcentreville.com\/es\/virtual-tours\/\",\"url\":\"https:\/\/halsteadcentreville.com\/es\/virtual-tours\/\",\"name\":\"Halstead Centreville, VA | Visitas virtuales interactivas a apartamentos\",\"isPartOf\":{\"@id\":\"https:\/\/halsteadcentreville.com\/es\/#website\"},\"datePublished\":\"2021-06-20T19:19:40+00:00\",\"dateModified\":\"2024-10-21T21:29:35+00:00\",\"description\":\"Haz una visita virtual a los apartamentos de Halstead Centreville, VA. Explora los modernos planos y servicios desde la comodidad de tu casa\",\"inLanguage\":\"es\",\"potentialAction\":[{\"@type\":\"ReadAction\",\"target\":[\"https:\/\/halsteadcentreville.com\/es\/virtual-tours\/\"]}]},{\"@type\":\"WebSite\",\"@id\":\"https:\/\/halsteadcentreville.com\/es\/#website\",\"url\":\"https:\/\/halsteadcentreville.com\/es\/\",\"name\":\"Halstead Centreville\",\"description\":\"\",\"potentialAction\":[{\"@type\":\"SearchAction\",\"target\":{\"@type\":\"EntryPoint\",\"urlTemplate\":\"https:\/\/halsteadcentreville.com\/es\/?s={search_term_string}\"},\"query-input\":{\"@type\":\"PropertyValueSpecification\",\"valueRequired\":true,\"valueName\":\"search_term_string\"}}],\"inLanguage\":\"es\"}]}<\/script>\n<!-- \/ Yoast SEO plugin. -->","yoast_head_json":{"title":"Halstead Centreville, VA | Visitas virtuales interactivas a apartamentos","description":"Haz una visita virtual a los apartamentos de Halstead Centreville, VA. Explora los modernos planos y servicios desde la comodidad de tu casa","robots":{"index":"index","follow":"follow","max-snippet":"max-snippet:-1","max-image-preview":"max-image-preview:large","max-video-preview":"max-video-preview:-1"},"canonical":"https:\/\/halsteadcentreville.com\/es\/virtual-tours\/","og_locale":"es_ES","og_type":"article","og_title":"Halstead Centreville, VA | Visitas virtuales interactivas a apartamentos","og_description":"Haz una visita virtual a los apartamentos de Halstead Centreville, VA. Explora los modernos planos y servicios desde la comodidad de tu casa","og_url":"https:\/\/halsteadcentreville.com\/es\/virtual-tours\/","og_site_name":"Halstead Centreville","article_modified_time":"2024-10-21T21:29:35+00:00","og_image":[{"width":1200,"height":630,"url":"https:\/\/halsteadcentreville.com\/wp-content\/uploads\/2024\/10\/HalsteadCentreville_socialpreview.jpg","type":"image\/jpeg"}],"twitter_card":"summary_large_image","schema":{"@context":"https:\/\/schema.org","@graph":[{"@type":"WebPage","@id":"https:\/\/halsteadcentreville.com\/es\/virtual-tours\/","url":"https:\/\/halsteadcentreville.com\/es\/virtual-tours\/","name":"Halstead Centreville, VA | Visitas virtuales interactivas a apartamentos","isPartOf":{"@id":"https:\/\/halsteadcentreville.com\/es\/#website"},"datePublished":"2021-06-20T19:19:40+00:00","dateModified":"2024-10-21T21:29:35+00:00","description":"Haz una visita virtual a los apartamentos de Halstead Centreville, VA. Explora los modernos planos y servicios desde la comodidad de tu casa","inLanguage":"es","potentialAction":[{"@type":"ReadAction","target":["https:\/\/halsteadcentreville.com\/es\/virtual-tours\/"]}]},{"@type":"WebSite","@id":"https:\/\/halsteadcentreville.com\/es\/#website","url":"https:\/\/halsteadcentreville.com\/es\/","name":"Halstead Centreville","description":"","potentialAction":[{"@type":"SearchAction","target":{"@type":"EntryPoint","urlTemplate":"https:\/\/halsteadcentreville.com\/es\/?s={search_term_string}"},"query-input":{"@type":"PropertyValueSpecification","valueRequired":true,"valueName":"search_term_string"}}],"inLanguage":"es"}]}},"meta_box":{"neoscape_mb_neo_pages_hero_title":["T\u00edtulo del h\u00e9roe del sitio web"],"neoscape_mb_neo_pages_hero_excerpt":"Extracto del h\u00e9roe del sitio web","neoscape_mb_neo_pages_hero_movie":"","neoscape_mb_neo_pages_hero_film":[],"neoscape_mb_neo_pages_hero_images":[],"neoscape_mb_neo_pages_hero_mobilebg_pos":"","neoscape_mb_neo_pages_hero_layout":"","neoscape_mb_neo_pages_hero_link":"Etiqueta del enlace principal del sitio web","neoscape_mb_neo_pages_hero_url":"Website hero link URL","neoscape_mb_neo_pages_hero_url_target":"","neoscape_mb_affordable-housing-image":[],"neoscape_mb_affordable-housing-content":""},"_links":{"self":[{"href":"https:\/\/halsteadcentreville.com\/es\/wp-json\/wp\/v2\/pages\/1014","targetHints":{"allow":["GET"]}}],"collection":[{"href":"https:\/\/halsteadcentreville.com\/es\/wp-json\/wp\/v2\/pages"}],"about":[{"href":"https:\/\/halsteadcentreville.com\/es\/wp-json\/wp\/v2\/types\/page"}],"author":[{"embeddable":true,"href":"https:\/\/halsteadcentreville.com\/es\/wp-json\/wp\/v2\/users\/1"}],"replies":[{"embeddable":true,"href":"https:\/\/halsteadcentreville.com\/es\/wp-json\/wp\/v2\/comments?post=1014"}],"version-history":[{"count":1,"href":"https:\/\/halsteadcentreville.com\/es\/wp-json\/wp\/v2\/pages\/1014\/revisions"}],"predecessor-version":[{"id":1015,"href":"https:\/\/halsteadcentreville.com\/es\/wp-json\/wp\/v2\/pages\/1014\/revisions\/1015"}],"wp:attachment":[{"href":"https:\/\/halsteadcentreville.com\/es\/wp-json\/wp\/v2\/media?parent=1014"}],"curies":[{"name":"wp","href":"https:\/\/api.w.org\/{rel}","templated":true}]}}