{"id":998,"date":"2021-06-30T15:29:59","date_gmt":"2021-06-30T15:29:59","guid":{"rendered":"https:\/\/halsteadcentreville.com\/condiciones-de-uso\/"},"modified":"2024-10-17T20:05:44","modified_gmt":"2024-10-17T20:05:44","slug":"terms-of-use","status":"publish","type":"page","link":"https:\/\/halsteadcentreville.com\/es\/terms-of-use\/","title":{"rendered":"Condiciones de uso"},"content":{"rendered":"&#13;\n<p>Las siguientes son las condiciones de uso que se aplican al sitio web (WWW.WEBSITE.COM) y a cualquier subdominio propiedad de y operado por EMPRESA. Al acceder a este sitio web en cualquier dispositivo, aceptas cumplir los siguientes t\u00e9rminos y condiciones. Si te opones a cualquier condici\u00f3n o disposici\u00f3n modificada, puedes dejar de utilizar este sitio web inmediatamente.<\/p>&#13;\n<p><!-- wp: heading --><\/p>\n<h4>Modificaci\u00f3n de las condiciones de uso<\/h4>\n<p><!-- \/wp: heading --><\/p>\n&#13;\n<p>EMPRESA se reserva el derecho a modificar estas condiciones de uso en cualquier momento y por cualquier motivo actualizando esta p\u00e1gina sin notificar directamente a los usuarios dichos cambios. Animamos a los usuarios a revisar estas condiciones con regularidad. Si te opones a cualquier condici\u00f3n o disposici\u00f3n modificada, puedes dejar de utilizar este sitio web inmediatamente. El uso continuado del sitio web indica que est\u00e1s de acuerdo con estos t\u00e9rminos, incluyendo cualquier modificaci\u00f3n presente en esta p\u00e1gina en el momento de su uso.<\/p>&#13;\n<p><!-- wp: heading --><\/p>\n<h4>Propiedad intelectual<\/h4>\n<p><!-- \/wp: heading --><\/p>\n&#13;\n<p>A menos que se especifique lo contrario, todos y cada uno de los contenidos, textos, logotipos y otros activos visuales de este sitio web son propiedad exclusiva de EMPRESA. Los usuarios no est\u00e1n autorizados a distribuir o utilizar estos activos sin el permiso expreso y por escrito de EMPRESA.<\/p>&#13;\n<p><!-- wp: heading --><\/p>\n<h4>Enlaces de terceros<\/h4>\n<p><!-- \/wp: heading --><\/p>\n&#13;\n<p>Este sitio web puede contener enlaces a sitios de terceros. Animamos a los usuarios a revisar los t\u00e9rminos y condiciones de cualquier sitio de terceros antes de utilizarlo.<\/p>&#13;\n<p><!-- wp: heading --><\/p>\n<h4>Limitaciones del usuario<\/h4>\n<p><!-- \/wp: heading --><\/p>\n&#13;\n<p>Al acceder a este sitio web, te comprometes a no utilizar este sitio, cualquier subdominio o cualquier proporcionado por el sitio o subdominio para cualquier conducta ilegal, para cualquier prop\u00f3sito prohibido por estos t\u00e9rminos, o para cualquier prop\u00f3sito no razonablemente previsto por EMPRESA. Los usos prohibidos incluyen, entre otros, los siguientes:<\/p>&#13;\n<ul>&#13;\n<li>The abuse, harassment and\/or impersonation of any other individual.<\/li>&#13;\n<li>Communication with employees of COMPANY in a way that is offensive or abusive.<\/li>&#13;\n<li>Any action intended to defraud an employee of COMPANY or any individual.<\/li>&#13;\n<li>The creation or transmission of any unwanted spam content or links.<\/li>&#13;\n<li>The violation of any existing trademark or copyright.<\/li>&#13;\n<li>Any purpose that violates the laws of the jurisdiction where you access this website.<\/li>&#13;\n<\/ul>&#13;\n<p>Ten en cuenta que esta lista no es exhaustiva.<\/p>&#13;\n<p><!-- wp: heading --><\/p>\n<h4>Aviso DCMA<\/h4>\n<p><!-- \/wp: heading --><\/p>\n&#13;\n<p>EMPRESA respeta los derechos de propiedad intelectual y espera que todos los usuarios de este sitio web hagan lo mismo. De conformidad con la Ley de Derechos de Autor del Milenio Digital (DCMA), si crees que tu trabajo protegido por derechos de autor aparece en este sitio web sin permiso, puedes informar de la supuesta infracci\u00f3n de derechos de autor a EMPRESA utilizando la informaci\u00f3n de contacto que aparece a continuaci\u00f3n. Responderemos r\u00e1pidamente a todas y cada una de las reclamaciones de infracci\u00f3n de derechos de autor. Tomaremos las medidas que consideremos oportunas para responder a estas reclamaciones, incluida la retirada del contenido protegido del sitio web.<\/p>&#13;\n<p><!-- wp: heading --><\/p>\n<h4>Contacto EMPRESA<\/h4>\n<p><!-- \/wp: heading --><\/p>\n&#13;\n<p>Si tienes alguna pregunta o duda sobre los t\u00e9rminos y condiciones indicados anteriormente aplicables a este sitio web WWW.WEBSITE.COM o a cualquier subdominio, llama al (555) 555-5555 o env\u00edanos un correo electr\u00f3nico a EMAIL@WEBSITE.COM.<\/p>&#13;\n<p>&nbsp;<\/p>\n","protected":false},"excerpt":{"rendered":"<p>&#13; Las siguientes son las condiciones de uso que se aplican al sitio web (WWW.WEBSITE.COM) y a cualquier subdominio propiedad de y operado por EMPRESA. Al acceder a este sitio web en cualquier dispositivo, aceptas cumplir los siguientes t\u00e9rminos y condiciones. Si te opones a cualquier condici\u00f3n o disposici\u00f3n modificada, puedes dejar de utilizar este&hellip; <a class=\"more-link\" href=\"https:\/\/halsteadcentreville.com\/es\/terms-of-use\/\">Continue reading <span class=\"screen-reader-text\">Condiciones de uso<\/span><\/a><\/p>\n","protected":false},"author":1,"featured_media":0,"parent":0,"menu_order":91,"comment_status":"closed","ping_status":"closed","template":"template\/template-privacy.php","meta":{"footnotes":""},"class_list":["post-998","page","type-page","status-publish","hentry","entry"],"yoast_head":"<!-- This site is optimized with the Yoast SEO plugin v27.2 - https:\/\/yoast.com\/product\/yoast-seo-wordpress\/ -->\n<title>T\u00e9rminos y condiciones | Halstead Countryside en Manchester NH<\/title>\n<meta name=\"description\" content=\"Lee todas las condiciones de uso del sitio web de Halstead Countryside.\" \/>\n<meta name=\"robots\" content=\"index, follow, max-snippet:-1, max-image-preview:large, max-video-preview:-1\" \/>\n<link rel=\"canonical\" href=\"https:\/\/halsteadcentreville.com\/es\/terms-of-use\/\" \/>\n<meta property=\"og:locale\" content=\"es_ES\" \/>\n<meta property=\"og:type\" content=\"article\" \/>\n<meta property=\"og:title\" content=\"T\u00e9rminos y condiciones | Halstead Countryside en Manchester NH\" \/>\n<meta property=\"og:description\" content=\"Lee todas las condiciones de uso del sitio web de Halstead Countryside.\" \/>\n<meta property=\"og:url\" content=\"https:\/\/halsteadcentreville.com\/es\/terms-of-use\/\" \/>\n<meta property=\"og:site_name\" content=\"Halstead Centreville\" \/>\n<meta property=\"article:modified_time\" content=\"2024-10-17T20:05:44+00:00\" \/>\n<meta property=\"og:image\" content=\"https:\/\/halsteadcentreville.com\/wp-content\/uploads\/2024\/10\/HalsteadCentreville_socialpreview.jpg\" \/>\n\t<meta property=\"og:image:width\" content=\"1200\" \/>\n\t<meta property=\"og:image:height\" content=\"630\" \/>\n\t<meta property=\"og:image:type\" content=\"image\/jpeg\" \/>\n<meta name=\"twitter:card\" content=\"summary_large_image\" \/>\n<meta name=\"twitter:label1\" content=\"Tiempo de lectura\" \/>\n\t<meta name=\"twitter:data1\" content=\"3 minutos\" \/>\n<script type=\"application\/ld+json\" class=\"yoast-schema-graph\">{\"@context\":\"https:\/\/schema.org\",\"@graph\":[{\"@type\":\"WebPage\",\"@id\":\"https:\/\/halsteadcentreville.com\/es\/terms-of-use\/\",\"url\":\"https:\/\/halsteadcentreville.com\/es\/terms-of-use\/\",\"name\":\"T\u00e9rminos y condiciones | Halstead Countryside en Manchester NH\",\"isPartOf\":{\"@id\":\"https:\/\/halsteadcentreville.com\/es\/#website\"},\"datePublished\":\"2021-06-30T15:29:59+00:00\",\"dateModified\":\"2024-10-17T20:05:44+00:00\",\"description\":\"Lee todas las condiciones de uso del sitio web de Halstead Countryside.\",\"inLanguage\":\"es\",\"potentialAction\":[{\"@type\":\"ReadAction\",\"target\":[\"https:\/\/halsteadcentreville.com\/es\/terms-of-use\/\"]}]},{\"@type\":\"WebSite\",\"@id\":\"https:\/\/halsteadcentreville.com\/es\/#website\",\"url\":\"https:\/\/halsteadcentreville.com\/es\/\",\"name\":\"Halstead Centreville\",\"description\":\"\",\"potentialAction\":[{\"@type\":\"SearchAction\",\"target\":{\"@type\":\"EntryPoint\",\"urlTemplate\":\"https:\/\/halsteadcentreville.com\/es\/?s={search_term_string}\"},\"query-input\":{\"@type\":\"PropertyValueSpecification\",\"valueRequired\":true,\"valueName\":\"search_term_string\"}}],\"inLanguage\":\"es\"}]}<\/script>\n<!-- \/ Yoast SEO plugin. -->","yoast_head_json":{"title":"T\u00e9rminos y condiciones | Halstead Countryside en Manchester NH","description":"Lee todas las condiciones de uso del sitio web de Halstead Countryside.","robots":{"index":"index","follow":"follow","max-snippet":"max-snippet:-1","max-image-preview":"max-image-preview:large","max-video-preview":"max-video-preview:-1"},"canonical":"https:\/\/halsteadcentreville.com\/es\/terms-of-use\/","og_locale":"es_ES","og_type":"article","og_title":"T\u00e9rminos y condiciones | Halstead Countryside en Manchester NH","og_description":"Lee todas las condiciones de uso del sitio web de Halstead Countryside.","og_url":"https:\/\/halsteadcentreville.com\/es\/terms-of-use\/","og_site_name":"Halstead Centreville","article_modified_time":"2024-10-17T20:05:44+00:00","og_image":[{"width":1200,"height":630,"url":"https:\/\/halsteadcentreville.com\/wp-content\/uploads\/2024\/10\/HalsteadCentreville_socialpreview.jpg","type":"image\/jpeg"}],"twitter_card":"summary_large_image","twitter_misc":{"Tiempo de lectura":"3 minutos"},"schema":{"@context":"https:\/\/schema.org","@graph":[{"@type":"WebPage","@id":"https:\/\/halsteadcentreville.com\/es\/terms-of-use\/","url":"https:\/\/halsteadcentreville.com\/es\/terms-of-use\/","name":"T\u00e9rminos y condiciones | Halstead Countryside en Manchester NH","isPartOf":{"@id":"https:\/\/halsteadcentreville.com\/es\/#website"},"datePublished":"2021-06-30T15:29:59+00:00","dateModified":"2024-10-17T20:05:44+00:00","description":"Lee todas las condiciones de uso del sitio web de Halstead Countryside.","inLanguage":"es","potentialAction":[{"@type":"ReadAction","target":["https:\/\/halsteadcentreville.com\/es\/terms-of-use\/"]}]},{"@type":"WebSite","@id":"https:\/\/halsteadcentreville.com\/es\/#website","url":"https:\/\/halsteadcentreville.com\/es\/","name":"Halstead Centreville","description":"","potentialAction":[{"@type":"SearchAction","target":{"@type":"EntryPoint","urlTemplate":"https:\/\/halsteadcentreville.com\/es\/?s={search_term_string}"},"query-input":{"@type":"PropertyValueSpecification","valueRequired":true,"valueName":"search_term_string"}}],"inLanguage":"es"}]}},"meta_box":{"neoscape_mb_neo_pages_hero_title":["T\u00edtulo del h\u00e9roe del sitio web"],"neoscape_mb_neo_pages_hero_excerpt":"Extracto del h\u00e9roe del sitio web","neoscape_mb_neo_pages_hero_movie":"","neoscape_mb_neo_pages_hero_film":[],"neoscape_mb_neo_pages_hero_images":[],"neoscape_mb_neo_pages_hero_mobilebg_pos":"","neoscape_mb_neo_pages_hero_layout":"","neoscape_mb_neo_pages_hero_link":"Etiqueta del enlace principal del sitio web","neoscape_mb_neo_pages_hero_url":"Website hero link URL","neoscape_mb_neo_pages_hero_url_target":"","neoscape_mb_affordable-housing-image":[],"neoscape_mb_affordable-housing-content":""},"_links":{"self":[{"href":"https:\/\/halsteadcentreville.com\/es\/wp-json\/wp\/v2\/pages\/998","targetHints":{"allow":["GET"]}}],"collection":[{"href":"https:\/\/halsteadcentreville.com\/es\/wp-json\/wp\/v2\/pages"}],"about":[{"href":"https:\/\/halsteadcentreville.com\/es\/wp-json\/wp\/v2\/types\/page"}],"author":[{"embeddable":true,"href":"https:\/\/halsteadcentreville.com\/es\/wp-json\/wp\/v2\/users\/1"}],"replies":[{"embeddable":true,"href":"https:\/\/halsteadcentreville.com\/es\/wp-json\/wp\/v2\/comments?post=998"}],"version-history":[{"count":3,"href":"https:\/\/halsteadcentreville.com\/es\/wp-json\/wp\/v2\/pages\/998\/revisions"}],"predecessor-version":[{"id":1027,"href":"https:\/\/halsteadcentreville.com\/es\/wp-json\/wp\/v2\/pages\/998\/revisions\/1027"}],"wp:attachment":[{"href":"https:\/\/halsteadcentreville.com\/es\/wp-json\/wp\/v2\/media?parent=998"}],"curies":[{"name":"wp","href":"https:\/\/api.w.org\/{rel}","templated":true}]}}